{"id":30,"date":"2016-10-16T12:19:46","date_gmt":"2016-10-16T12:19:46","guid":{"rendered":"http:\/\/carvan.ee\/?page_id=30"},"modified":"2025-02-10T19:20:27","modified_gmt":"2025-02-10T19:20:27","slug":"diagnostika","status":"publish","type":"page","link":"http:\/\/carvan.ee\/index.php\/diagnostika\/","title":{"rendered":"Diagnostika"},"content":{"rendered":"<p>Teostame k\u00f5ikide s\u00f5idukite diagnostikat ja elektrit\u00f6id. Omame erinevaid diagnostika seadmeid, Leiame \u00fcles ka keerulisemad vead.<\/p>\n<p><img loading=\"lazy\" decoding=\"async\" class=\"alignnone size-medium wp-image-24\" src=\"http:\/\/carvan.ee\/wp-content\/uploads\/2016\/10\/Pico-300x115.jpg\" alt=\"pico\" width=\"300\" height=\"115\" srcset=\"http:\/\/carvan.ee\/wp-content\/uploads\/2016\/10\/Pico-300x115.jpg 300w, http:\/\/carvan.ee\/wp-content\/uploads\/2016\/10\/Pico.jpg 650w\" sizes=\"auto, (max-width: 300px) 100vw, 300px\" \/><\/p>\n","protected":false},"excerpt":{"rendered":"<p>Teostame k\u00f5ikide s\u00f5idukite diagnostikat ja elektrit\u00f6id. Omame erinevaid diagnostika seadmeid, Leiame \u00fcles ka keerulisemad vead.<\/p>\n","protected":false},"author":1,"featured_media":0,"parent":0,"menu_order":0,"comment_status":"closed","ping_status":"closed","template":"","meta":{"footnotes":""},"class_list":["post-30","page","type-page","status-publish","hentry"],"yoast_head":"<!-- This site is optimized with the Yoast SEO plugin v24.4 - https:\/\/yoast.com\/wordpress\/plugins\/seo\/ -->\n<title>Diagnostika - Carvan O\u00dc<\/title>\n<meta name=\"description\" content=\"Diagnostika vigade lugemine veakoodid veaotsing elektrit\u00f6\u00f6d webasto remont\" \/>\n<meta name=\"robots\" content=\"index, follow, max-snippet:-1, max-image-preview:large, max-video-preview:-1\" \/>\n<link rel=\"canonical\" href=\"http:\/\/carvan.ee\/index.php\/diagnostika\/\" \/>\n<meta property=\"og:locale\" content=\"et_EE\" \/>\n<meta property=\"og:type\" content=\"article\" \/>\n<meta property=\"og:title\" content=\"Diagnostika - Carvan O\u00dc\" \/>\n<meta property=\"og:description\" content=\"Diagnostika vigade lugemine veakoodid veaotsing elektrit\u00f6\u00f6d webasto remont\" \/>\n<meta property=\"og:url\" content=\"http:\/\/carvan.ee\/index.php\/diagnostika\/\" \/>\n<meta property=\"og:site_name\" content=\"Carvan O\u00dc\" \/>\n<meta property=\"article:publisher\" content=\"https:\/\/www.facebook.com\/puksiirauto\/\" \/>\n<meta property=\"article:modified_time\" content=\"2025-02-10T19:20:27+00:00\" \/>\n<meta property=\"og:image\" content=\"http:\/\/carvan.ee\/wp-content\/uploads\/2016\/10\/Pico-300x115.jpg\" \/>\n<meta name=\"twitter:card\" content=\"summary_large_image\" \/>\n<meta name=\"twitter:label1\" content=\"Est. reading time\" \/>\n\t<meta name=\"twitter:data1\" content=\"1 minut\" \/>\n<script type=\"application\/ld+json\" class=\"yoast-schema-graph\">{\"@context\":\"https:\/\/schema.org\",\"@graph\":[{\"@type\":\"WebPage\",\"@id\":\"http:\/\/carvan.ee\/index.php\/diagnostika\/\",\"url\":\"http:\/\/carvan.ee\/index.php\/diagnostika\/\",\"name\":\"Diagnostika - Carvan O\u00dc\",\"isPartOf\":{\"@id\":\"https:\/\/carvan.ee\/#website\"},\"primaryImageOfPage\":{\"@id\":\"http:\/\/carvan.ee\/index.php\/diagnostika\/#primaryimage\"},\"image\":{\"@id\":\"http:\/\/carvan.ee\/index.php\/diagnostika\/#primaryimage\"},\"thumbnailUrl\":\"http:\/\/carvan.ee\/wp-content\/uploads\/2016\/10\/Pico-300x115.jpg\",\"datePublished\":\"2016-10-16T12:19:46+00:00\",\"dateModified\":\"2025-02-10T19:20:27+00:00\",\"description\":\"Diagnostika vigade lugemine veakoodid veaotsing elektrit\u00f6\u00f6d webasto remont\",\"breadcrumb\":{\"@id\":\"http:\/\/carvan.ee\/index.php\/diagnostika\/#breadcrumb\"},\"inLanguage\":\"et\",\"potentialAction\":[{\"@type\":\"ReadAction\",\"target\":[\"http:\/\/carvan.ee\/index.php\/diagnostika\/\"]}]},{\"@type\":\"ImageObject\",\"inLanguage\":\"et\",\"@id\":\"http:\/\/carvan.ee\/index.php\/diagnostika\/#primaryimage\",\"url\":\"http:\/\/carvan.ee\/wp-content\/uploads\/2016\/10\/Pico.jpg\",\"contentUrl\":\"http:\/\/carvan.ee\/wp-content\/uploads\/2016\/10\/Pico.jpg\",\"width\":650,\"height\":249},{\"@type\":\"BreadcrumbList\",\"@id\":\"http:\/\/carvan.ee\/index.php\/diagnostika\/#breadcrumb\",\"itemListElement\":[{\"@type\":\"ListItem\",\"position\":1,\"name\":\"Home\",\"item\":\"https:\/\/www.carvan.ee\/\"},{\"@type\":\"ListItem\",\"position\":2,\"name\":\"Diagnostika\"}]},{\"@type\":\"WebSite\",\"@id\":\"https:\/\/carvan.ee\/#website\",\"url\":\"https:\/\/carvan.ee\/\",\"name\":\"Carvan O\u00dc\",\"description\":\"\",\"potentialAction\":[{\"@type\":\"SearchAction\",\"target\":{\"@type\":\"EntryPoint\",\"urlTemplate\":\"https:\/\/carvan.ee\/?s={search_term_string}\"},\"query-input\":{\"@type\":\"PropertyValueSpecification\",\"valueRequired\":true,\"valueName\":\"search_term_string\"}}],\"inLanguage\":\"et\"}]}<\/script>\n<!-- \/ Yoast SEO plugin. -->","yoast_head_json":{"title":"Diagnostika - Carvan O\u00dc","description":"Diagnostika vigade lugemine veakoodid veaotsing elektrit\u00f6\u00f6d webasto remont","robots":{"index":"index","follow":"follow","max-snippet":"max-snippet:-1","max-image-preview":"max-image-preview:large","max-video-preview":"max-video-preview:-1"},"canonical":"http:\/\/carvan.ee\/index.php\/diagnostika\/","og_locale":"et_EE","og_type":"article","og_title":"Diagnostika - Carvan O\u00dc","og_description":"Diagnostika vigade lugemine veakoodid veaotsing elektrit\u00f6\u00f6d webasto remont","og_url":"http:\/\/carvan.ee\/index.php\/diagnostika\/","og_site_name":"Carvan O\u00dc","article_publisher":"https:\/\/www.facebook.com\/puksiirauto\/","article_modified_time":"2025-02-10T19:20:27+00:00","og_image":[{"url":"http:\/\/carvan.ee\/wp-content\/uploads\/2016\/10\/Pico-300x115.jpg","type":"","width":"","height":""}],"twitter_card":"summary_large_image","twitter_misc":{"Est. reading time":"1 minut"},"schema":{"@context":"https:\/\/schema.org","@graph":[{"@type":"WebPage","@id":"http:\/\/carvan.ee\/index.php\/diagnostika\/","url":"http:\/\/carvan.ee\/index.php\/diagnostika\/","name":"Diagnostika - Carvan O\u00dc","isPartOf":{"@id":"https:\/\/carvan.ee\/#website"},"primaryImageOfPage":{"@id":"http:\/\/carvan.ee\/index.php\/diagnostika\/#primaryimage"},"image":{"@id":"http:\/\/carvan.ee\/index.php\/diagnostika\/#primaryimage"},"thumbnailUrl":"http:\/\/carvan.ee\/wp-content\/uploads\/2016\/10\/Pico-300x115.jpg","datePublished":"2016-10-16T12:19:46+00:00","dateModified":"2025-02-10T19:20:27+00:00","description":"Diagnostika vigade lugemine veakoodid veaotsing elektrit\u00f6\u00f6d webasto remont","breadcrumb":{"@id":"http:\/\/carvan.ee\/index.php\/diagnostika\/#breadcrumb"},"inLanguage":"et","potentialAction":[{"@type":"ReadAction","target":["http:\/\/carvan.ee\/index.php\/diagnostika\/"]}]},{"@type":"ImageObject","inLanguage":"et","@id":"http:\/\/carvan.ee\/index.php\/diagnostika\/#primaryimage","url":"http:\/\/carvan.ee\/wp-content\/uploads\/2016\/10\/Pico.jpg","contentUrl":"http:\/\/carvan.ee\/wp-content\/uploads\/2016\/10\/Pico.jpg","width":650,"height":249},{"@type":"BreadcrumbList","@id":"http:\/\/carvan.ee\/index.php\/diagnostika\/#breadcrumb","itemListElement":[{"@type":"ListItem","position":1,"name":"Home","item":"https:\/\/www.carvan.ee\/"},{"@type":"ListItem","position":2,"name":"Diagnostika"}]},{"@type":"WebSite","@id":"https:\/\/carvan.ee\/#website","url":"https:\/\/carvan.ee\/","name":"Carvan O\u00dc","description":"","potentialAction":[{"@type":"SearchAction","target":{"@type":"EntryPoint","urlTemplate":"https:\/\/carvan.ee\/?s={search_term_string}"},"query-input":{"@type":"PropertyValueSpecification","valueRequired":true,"valueName":"search_term_string"}}],"inLanguage":"et"}]}},"_links":{"self":[{"href":"http:\/\/carvan.ee\/index.php\/wp-json\/wp\/v2\/pages\/30","targetHints":{"allow":["GET"]}}],"collection":[{"href":"http:\/\/carvan.ee\/index.php\/wp-json\/wp\/v2\/pages"}],"about":[{"href":"http:\/\/carvan.ee\/index.php\/wp-json\/wp\/v2\/types\/page"}],"author":[{"embeddable":true,"href":"http:\/\/carvan.ee\/index.php\/wp-json\/wp\/v2\/users\/1"}],"replies":[{"embeddable":true,"href":"http:\/\/carvan.ee\/index.php\/wp-json\/wp\/v2\/comments?post=30"}],"version-history":[{"count":3,"href":"http:\/\/carvan.ee\/index.php\/wp-json\/wp\/v2\/pages\/30\/revisions"}],"predecessor-version":[{"id":91,"href":"http:\/\/carvan.ee\/index.php\/wp-json\/wp\/v2\/pages\/30\/revisions\/91"}],"wp:attachment":[{"href":"http:\/\/carvan.ee\/index.php\/wp-json\/wp\/v2\/media?parent=30"}],"curies":[{"name":"wp","href":"https:\/\/api.w.org\/{rel}","templated":true}]}}