{"id":2,"date":"2016-10-15T11:56:26","date_gmt":"2016-10-15T11:56:26","guid":{"rendered":"http:\/\/carvan.ee\/?page_id=2"},"modified":"2018-05-16T21:36:44","modified_gmt":"2018-05-16T21:36:44","slug":"meist","status":"publish","type":"page","link":"http:\/\/carvan.ee\/","title":{"rendered":"Meist"},"content":{"rendered":"<h1><\/h1>\n<p>&nbsp;<\/p>\n<p style=\"text-align: justify;\">Tegeleme s\u00f5idukite diagnostika ja elektrit\u00f6\u00f6dega. Omame kogemust \u00fcle 10 aasta. Kuna t\u00e4nap\u00e4eva s\u00f5idukid omavad j\u00e4rjest rohkem elektroonilisi juhtplokke siis \u00f5ige vea leidmine on muutunud keeruliseks. Peamiselt otsime raskemaid probleeme.<\/p>\n<p style=\"text-align: justify;\"><a href=\"http:\/\/carvan.ee\/index.php\/diagnostika\/\">Diagnostika ja elektrit\u00f6\u00f6d<\/a><\/p>\n<p style=\"text-align: justify;\">Remont ja hooldust\u00f6\u00f6d<\/p>\n<p style=\"text-align: justify;\">Kliimaseadme hooldus ja remondit\u00f6\u00f6d<\/p>\n<p style=\"text-align: justify;\">Lisasoojenduste remont<\/p>\n","protected":false},"excerpt":{"rendered":"<p>&nbsp; Tegeleme s\u00f5idukite diagnostika ja elektrit\u00f6\u00f6dega. Omame kogemust \u00fcle 10 aasta. Kuna t\u00e4nap\u00e4eva s\u00f5idukid omavad j\u00e4rjest rohkem elektroonilisi juhtplokke siis \u00f5ige vea leidmine on muutunud keeruliseks. Peamiselt otsime raskemaid probleeme. Diagnostika ja elektrit\u00f6\u00f6d Remont ja hooldust\u00f6\u00f6d Kliimaseadme hooldus ja remondit\u00f6\u00f6d Lisasoojenduste remont<\/p>\n","protected":false},"author":1,"featured_media":0,"parent":0,"menu_order":3,"comment_status":"closed","ping_status":"open","template":"","meta":{"footnotes":""},"class_list":["post-2","page","type-page","status-publish","hentry"],"yoast_head":"<!-- This site is optimized with the Yoast SEO plugin v24.4 - https:\/\/yoast.com\/wordpress\/plugins\/seo\/ -->\n<title>Meist - Carvan O\u00dc<\/title>\n<meta name=\"robots\" content=\"index, follow, max-snippet:-1, max-image-preview:large, max-video-preview:-1\" \/>\n<link rel=\"canonical\" href=\"http:\/\/carvan.ee\/\" \/>\n<meta property=\"og:locale\" content=\"et_EE\" \/>\n<meta property=\"og:type\" content=\"article\" \/>\n<meta property=\"og:title\" content=\"Meist - Carvan O\u00dc\" \/>\n<meta property=\"og:description\" content=\"&nbsp; Tegeleme s\u00f5idukite diagnostika ja elektrit\u00f6\u00f6dega. Omame kogemust \u00fcle 10 aasta. Kuna t\u00e4nap\u00e4eva s\u00f5idukid omavad j\u00e4rjest rohkem elektroonilisi juhtplokke siis \u00f5ige vea leidmine on muutunud keeruliseks. Peamiselt otsime raskemaid probleeme. Diagnostika ja elektrit\u00f6\u00f6d Remont ja hooldust\u00f6\u00f6d Kliimaseadme hooldus ja remondit\u00f6\u00f6d Lisasoojenduste remont\" \/>\n<meta property=\"og:url\" content=\"http:\/\/carvan.ee\/\" \/>\n<meta property=\"og:site_name\" content=\"Carvan O\u00dc\" \/>\n<meta property=\"article:publisher\" content=\"https:\/\/www.facebook.com\/puksiirauto\/\" \/>\n<meta property=\"article:modified_time\" content=\"2018-05-16T21:36:44+00:00\" \/>\n<meta name=\"twitter:card\" content=\"summary_large_image\" \/>\n<script type=\"application\/ld+json\" class=\"yoast-schema-graph\">{\"@context\":\"https:\/\/schema.org\",\"@graph\":[{\"@type\":\"WebPage\",\"@id\":\"http:\/\/carvan.ee\/\",\"url\":\"http:\/\/carvan.ee\/\",\"name\":\"Meist - Carvan O\u00dc\",\"isPartOf\":{\"@id\":\"https:\/\/carvan.ee\/#website\"},\"datePublished\":\"2016-10-15T11:56:26+00:00\",\"dateModified\":\"2018-05-16T21:36:44+00:00\",\"breadcrumb\":{\"@id\":\"http:\/\/carvan.ee\/#breadcrumb\"},\"inLanguage\":\"et\",\"potentialAction\":[{\"@type\":\"ReadAction\",\"target\":[\"http:\/\/carvan.ee\/\"]}]},{\"@type\":\"BreadcrumbList\",\"@id\":\"http:\/\/carvan.ee\/#breadcrumb\",\"itemListElement\":[{\"@type\":\"ListItem\",\"position\":1,\"name\":\"Home\",\"item\":\"http:\/\/carvan.ee\/\"},{\"@type\":\"ListItem\",\"position\":2,\"name\":\"Meist\"}]},{\"@type\":\"WebSite\",\"@id\":\"https:\/\/carvan.ee\/#website\",\"url\":\"https:\/\/carvan.ee\/\",\"name\":\"Carvan O\u00dc\",\"description\":\"\",\"potentialAction\":[{\"@type\":\"SearchAction\",\"target\":{\"@type\":\"EntryPoint\",\"urlTemplate\":\"https:\/\/carvan.ee\/?s={search_term_string}\"},\"query-input\":{\"@type\":\"PropertyValueSpecification\",\"valueRequired\":true,\"valueName\":\"search_term_string\"}}],\"inLanguage\":\"et\"}]}<\/script>\n<!-- \/ Yoast SEO plugin. -->","yoast_head_json":{"title":"Meist - Carvan O\u00dc","robots":{"index":"index","follow":"follow","max-snippet":"max-snippet:-1","max-image-preview":"max-image-preview:large","max-video-preview":"max-video-preview:-1"},"canonical":"http:\/\/carvan.ee\/","og_locale":"et_EE","og_type":"article","og_title":"Meist - Carvan O\u00dc","og_description":"&nbsp; Tegeleme s\u00f5idukite diagnostika ja elektrit\u00f6\u00f6dega. Omame kogemust \u00fcle 10 aasta. Kuna t\u00e4nap\u00e4eva s\u00f5idukid omavad j\u00e4rjest rohkem elektroonilisi juhtplokke siis \u00f5ige vea leidmine on muutunud keeruliseks. Peamiselt otsime raskemaid probleeme. Diagnostika ja elektrit\u00f6\u00f6d Remont ja hooldust\u00f6\u00f6d Kliimaseadme hooldus ja remondit\u00f6\u00f6d Lisasoojenduste remont","og_url":"http:\/\/carvan.ee\/","og_site_name":"Carvan O\u00dc","article_publisher":"https:\/\/www.facebook.com\/puksiirauto\/","article_modified_time":"2018-05-16T21:36:44+00:00","twitter_card":"summary_large_image","schema":{"@context":"https:\/\/schema.org","@graph":[{"@type":"WebPage","@id":"http:\/\/carvan.ee\/","url":"http:\/\/carvan.ee\/","name":"Meist - Carvan O\u00dc","isPartOf":{"@id":"https:\/\/carvan.ee\/#website"},"datePublished":"2016-10-15T11:56:26+00:00","dateModified":"2018-05-16T21:36:44+00:00","breadcrumb":{"@id":"http:\/\/carvan.ee\/#breadcrumb"},"inLanguage":"et","potentialAction":[{"@type":"ReadAction","target":["http:\/\/carvan.ee\/"]}]},{"@type":"BreadcrumbList","@id":"http:\/\/carvan.ee\/#breadcrumb","itemListElement":[{"@type":"ListItem","position":1,"name":"Home","item":"http:\/\/carvan.ee\/"},{"@type":"ListItem","position":2,"name":"Meist"}]},{"@type":"WebSite","@id":"https:\/\/carvan.ee\/#website","url":"https:\/\/carvan.ee\/","name":"Carvan O\u00dc","description":"","potentialAction":[{"@type":"SearchAction","target":{"@type":"EntryPoint","urlTemplate":"https:\/\/carvan.ee\/?s={search_term_string}"},"query-input":{"@type":"PropertyValueSpecification","valueRequired":true,"valueName":"search_term_string"}}],"inLanguage":"et"}]}},"_links":{"self":[{"href":"http:\/\/carvan.ee\/index.php\/wp-json\/wp\/v2\/pages\/2","targetHints":{"allow":["GET"]}}],"collection":[{"href":"http:\/\/carvan.ee\/index.php\/wp-json\/wp\/v2\/pages"}],"about":[{"href":"http:\/\/carvan.ee\/index.php\/wp-json\/wp\/v2\/types\/page"}],"author":[{"embeddable":true,"href":"http:\/\/carvan.ee\/index.php\/wp-json\/wp\/v2\/users\/1"}],"replies":[{"embeddable":true,"href":"http:\/\/carvan.ee\/index.php\/wp-json\/wp\/v2\/comments?post=2"}],"version-history":[{"count":5,"href":"http:\/\/carvan.ee\/index.php\/wp-json\/wp\/v2\/pages\/2\/revisions"}],"predecessor-version":[{"id":65,"href":"http:\/\/carvan.ee\/index.php\/wp-json\/wp\/v2\/pages\/2\/revisions\/65"}],"wp:attachment":[{"href":"http:\/\/carvan.ee\/index.php\/wp-json\/wp\/v2\/media?parent=2"}],"curies":[{"name":"wp","href":"https:\/\/api.w.org\/{rel}","templated":true}]}}